{"id":3260,"date":"2024-02-29T07:05:44","date_gmt":"2024-02-29T07:05:44","guid":{"rendered":"https:\/\/wp1.themevibrant.com\/newwp\/fxvibe\/?page_id=3260"},"modified":"2026-04-15T14:41:28","modified_gmt":"2026-04-15T14:41:28","slug":"accounts-overview","status":"publish","type":"page","link":"https:\/\/yokusdibikoyu.com\/?page_id=3260","title":{"rendered":"Yoku\u015fdibi K\u00f6y\u00fc"},"content":{"rendered":"\t\t<div data-elementor-type=\"wp-page\" data-elementor-id=\"3260\" class=\"elementor elementor-3260\">\n\t\t\t\t<div class=\"elementor-element elementor-element-99edf27 e-flex e-con-boxed e-con e-parent\" data-id=\"99edf27\" data-element_type=\"container\" data-e-type=\"container\" data-settings=\"{&quot;background_background&quot;:&quot;classic&quot;}\">\n\t\t\t\t\t<div class=\"e-con-inner\">\n\t\t\t\t<div class=\"elementor-element elementor-element-7655d5e elementor-widget elementor-widget-fxvibe_hero_title\" data-id=\"7655d5e\" data-element_type=\"widget\" data-e-type=\"widget\" data-widget_type=\"fxvibe_hero_title.default\">\n\t\t\t\t<div class=\"elementor-widget-container\">\n\t\t\t\t\t    \t\n    <div class=\"fxvibe-title-section\">\n                <div class=\"sec-title m-0\">\n                        \n                        <h3 class=\"te-title fxvibe-size-default\">Yoku\u015fdibi K\u00f6y\u00fc<\/h3>                    <\/div>\n                \n            <\/div>\n        \n    \t\t\t\t<\/div>\n\t\t\t\t<\/div>\n\t\t\t\t\t\t\t\t<p class=\"e-ea62023-5f68448 e-paragraph-base\" data-interaction-id=\"ea62023\"  >\n\t\t\t\t\t\t\t\tYoku\u015fdibi k\u00f6y\u00fcn\u00fcn eski ad\u0131 Lori\u2019dir. Defter-i Mufassal-i Vilayet-i G\u00fcrcistan adl\u0131 Osmanl\u0131 mufassal defterinde de Lori olarak kaydedilmi\u015ftir. Osmanl\u0131lar\u0131n G\u00fcrc\u00fclerden ele ge\u00e7irdi\u011fi bu yerle\u015fimin ad\u0131 T\u00fcrk\u00e7eye G\u00fcrc\u00fcceden (\u10da\u10dd\u10e0\u10d8) girmi\u015f olmal\u0131d\u0131r. Bu defterde Guguba k\u00f6y\u00fc yak\u0131n\u0131nda terk edilmi\u015f bir k\u00f6y de Lori ad\u0131n\u0131 ta\u015f\u0131yordu. G\u00fcrc\u00fcce \u201clori\u201d (\u10da\u10dd\u10e0\u10d8) tuzlanm\u0131\u015f et anlam\u0131na gelir. Bununla birlikte k\u00f6y\u00fcn ad\u0131n\u0131n bu kelimeyle ili\u015fkili olup olmad\u0131\u011f\u0131 bilinmemektedir.Lori, Orta \u00c7a\u011f\u2019da G\u00fcrcistan\u2019\u0131 olu\u015fturan b\u00f6lgelerden biri olan Artaani\u2019de yer al\u0131yordu. Nitekim Osmanl\u0131 Devleti bu b\u00f6lgeyi ve k\u00f6y\u00fc on alt\u0131nc\u0131 y\u00fczy\u0131l\u0131n ortas\u0131nda G\u00fcrc\u00fclerden ele ge\u00e7irdi. Bununla birlikte Yoku\u015fdibi k\u00f6y\u00fcn\u00fcn s\u0131n\u0131rlar\u0131 i\u00e7indeki megalit yap\u0131 kal\u0131nt\u0131s\u0131, buran\u0131n ilk \u00e7a\u011flardan itibaren bir yerle\u015fme alan\u0131 oldu\u011funu g\u00f6stermektedir.Lori, Osmanl\u0131 idaresinde, Defter-i Mufassal-i Vilayet-i G\u00fcrcistan adl\u0131 mufassal deftere g\u00f6re Ardahan-i B\u00fcz\u00fcrg livas\u0131n\u0131n G\u00fcney nahiyesine ba\u011fl\u0131yd\u0131 ve n\u00fcfusu yirmi Hristiyan haneden olu\u015fuyordu. \u0130spen\u00e7 vergisi m\u00fckellefi hane reisleri ile babalar\u0131n\u0131n adlar\u0131 \u00fczerinden Lori\u2019nin n\u00fcfusunun \u00e7o\u011funlu\u011funun G\u00fcrc\u00fclerden olu\u015ftu\u011fu s\u00f6ylenebilir. K\u00f6y\u00fcn Hristiyan d\u00f6nemine ait k\u00f6y kilisesinin kal\u0131nt\u0131lar\u0131 g\u00fcn\u00fcm\u00fcze ula\u015fm\u0131\u015ft\u0131r.Lori, Doksan \u00dc\u00e7 Harbi\u2019nin ard\u0131ndan imzalanan Berlin Antla\u015fmas\u0131\u2019yla Osmanl\u0131 Devleti taraf\u0131ndan Rusya\u2019ya b\u0131rak\u0131ld\u0131. Rus idaresinde k\u00f6y, Ardahan sanca\u011f\u0131n\u0131n Ardahan kazas\u0131na ba\u011fl\u0131yd\u0131 ve n\u00fcfusu y\u00fcz on alt\u0131 ki\u015fiden olu\u015fuyordu. Bu n\u00fcfus i\u00e7inde y\u00fcz alt\u0131 ki\u015fi T\u00fcrk, on ki\u015fi K\u00fcrt olarak kaydedilmi\u015ftir. K\u00f6y\u00fcn daha \u00f6nceki demografik yap\u0131s\u0131n\u0131n zaman i\u00e7inde tamamen de\u011fi\u015fmi\u015f oldu\u011fu anla\u015f\u0131lmaktad\u0131r. K\u00f6y\u00fcn n\u00fcfusu sonraki y\u0131llarda art\u0131\u015f g\u00f6stermi\u015ftir.Lori k\u00f6y\u00fc, Birinci D\u00fcnya Sava\u015f\u0131\u2019n\u0131n sonunda Ruslar\u0131n b\u00f6lgeden \u00e7ekilmesinin ard\u0131ndan bir s\u00fcre fiilen G\u00fcrcistan\u2019\u0131n s\u0131n\u0131rlar\u0131 i\u00e7inde kald\u0131. Moskova Antla\u015fmas\u0131 uyar\u0131nca Lori T\u00fcrkiye\u2019ye b\u0131rak\u0131ld\u0131.Lori k\u00f6y\u00fc, Osmanl\u0131ca k\u00f6y listesinde Lori ad\u0131yla Kars vilayetinin Ardahan kazas\u0131n\u0131n merkez nahiyesine ba\u011fl\u0131yd\u0131. Daha sonraki n\u00fcfus say\u0131mlar\u0131nda ayn\u0131 idari konumunu korudu. Lori ad\u0131 T\u00fcrk\u00e7e olmad\u0131\u011f\u0131 i\u00e7in k\u00f6y\u00fcn ad\u0131 Yoku\u015fdibi olarak de\u011fi\u015ftirilmi\u015ftir. Sonraki y\u0131llarda k\u00f6y\u00fcn n\u00fcfusu artm\u0131\u015f, ancak okuma yazma oran\u0131n\u0131n s\u0131n\u0131rl\u0131 oldu\u011fu g\u00f6r\u00fclm\u00fc\u015ft\u00fcr.\n\t\t\t\t\t<\/p>\n\t\t\t\t<div class=\"elementor-element elementor-element-6b9f63e elementor-widget elementor-widget-spacer\" data-id=\"6b9f63e\" data-element_type=\"widget\" data-e-type=\"widget\" data-widget_type=\"spacer.default\">\n\t\t\t\t\t\t\t<div class=\"elementor-spacer\">\n\t\t\t<div class=\"elementor-spacer-inner\"><\/div>\n\t\t<\/div>\n\t\t\t\t\t\t<\/div>\n\t\t\t\t\t\t\t\n\t\t<img class=\"e-image-base \" \n\t\t\t\t\tdata-interaction-id=\"3060565\" \n\t\t \n\t\t \n\t\t\t\t\t\t\t\t\tid=\"7881\"\n\t\t\t\t\t\t\t\t\t\t\t\tsrc=\"https:\/\/yokusdibikoyu.com\/wp-content\/uploads\/2026\/04\/banner1.1.webp\"\n\t\t\t\t\t\t\t\t\t\t\t\twidth=\"1365\"\n\t\t\t\t\t\t\t\t\t\t\t\theight=\"768\"\n\t\t\t\t\t\t\t\t\t\t\t\tsrcset=\"https:\/\/yokusdibikoyu.com\/wp-content\/uploads\/2026\/04\/banner1.1.webp 1365w, https:\/\/yokusdibikoyu.com\/wp-content\/uploads\/2026\/04\/banner1.1-300x169.webp 300w, https:\/\/yokusdibikoyu.com\/wp-content\/uploads\/2026\/04\/banner1.1-1024x576.webp 1024w, https:\/\/yokusdibikoyu.com\/wp-content\/uploads\/2026\/04\/banner1.1-768x432.webp 768w\"\n\t\t\t\t\t\t\t\t\t\t\t\talt=\"\"\n\t\t\t\t\t\t\/>\n\t\t\t\t\t<div class=\"elementor-element elementor-element-35af9f9 elementor-widget elementor-widget-spacer\" data-id=\"35af9f9\" data-element_type=\"widget\" data-e-type=\"widget\" data-widget_type=\"spacer.default\">\n\t\t\t\t\t\t\t<div class=\"elementor-spacer\">\n\t\t\t<div class=\"elementor-spacer-inner\"><\/div>\n\t\t<\/div>\n\t\t\t\t\t\t<\/div>\n\t\t\t\t\t<\/div>\n\t\t\t\t<\/div>\n\t\t\t\t<\/div>\n\t\t","protected":false},"excerpt":{"rendered":"<p>Yoku\u015fdibi K\u00f6y\u00fc Yoku\u015fdibi k\u00f6y\u00fcn\u00fcn eski ad\u0131 Lori\u2019dir. Defter-i Mufassal-i Vilayet-i G\u00fcrcistan adl\u0131 Osmanl\u0131 mufassal defterinde de Lori olarak kaydedilmi\u015ftir. Osmanl\u0131lar\u0131n G\u00fcrc\u00fclerden ele ge\u00e7irdi\u011fi bu yerle\u015fimin ad\u0131 T\u00fcrk\u00e7eye G\u00fcrc\u00fcceden (\u10da\u10dd\u10e0\u10d8) girmi\u015f olmal\u0131d\u0131r. Bu defterde Guguba k\u00f6y\u00fc yak\u0131n\u0131nda terk edilmi\u015f bir k\u00f6y de Lori ad\u0131n\u0131 ta\u015f\u0131yordu. G\u00fcrc\u00fcce \u201clori\u201d (\u10da\u10dd\u10e0\u10d8) tuzlanm\u0131\u015f et anlam\u0131na gelir. Bununla birlikte k\u00f6y\u00fcn ad\u0131n\u0131n [&hellip;]<\/p>\n","protected":false},"author":1,"featured_media":0,"parent":0,"menu_order":0,"comment_status":"closed","ping_status":"closed","template":"tpl-default-elementor.php","meta":{"footnotes":""},"class_list":["post-3260","page","type-page","status-publish","hentry"],"_links":{"self":[{"href":"https:\/\/yokusdibikoyu.com\/index.php?rest_route=\/wp\/v2\/pages\/3260","targetHints":{"allow":["GET"]}}],"collection":[{"href":"https:\/\/yokusdibikoyu.com\/index.php?rest_route=\/wp\/v2\/pages"}],"about":[{"href":"https:\/\/yokusdibikoyu.com\/index.php?rest_route=\/wp\/v2\/types\/page"}],"author":[{"embeddable":true,"href":"https:\/\/yokusdibikoyu.com\/index.php?rest_route=\/wp\/v2\/users\/1"}],"replies":[{"embeddable":true,"href":"https:\/\/yokusdibikoyu.com\/index.php?rest_route=%2Fwp%2Fv2%2Fcomments&post=3260"}],"version-history":[{"count":34,"href":"https:\/\/yokusdibikoyu.com\/index.php?rest_route=\/wp\/v2\/pages\/3260\/revisions"}],"predecessor-version":[{"id":7953,"href":"https:\/\/yokusdibikoyu.com\/index.php?rest_route=\/wp\/v2\/pages\/3260\/revisions\/7953"}],"wp:attachment":[{"href":"https:\/\/yokusdibikoyu.com\/index.php?rest_route=%2Fwp%2Fv2%2Fmedia&parent=3260"}],"curies":[{"name":"wp","href":"https:\/\/api.w.org\/{rel}","templated":true}]}}